{"id":45,"date":"2015-08-15T16:14:53","date_gmt":"2015-08-15T16:14:53","guid":{"rendered":"http:\/\/www.idrftech.com\/?page_id=45"},"modified":"2026-01-17T17:16:04","modified_gmt":"2026-01-17T17:16:04","slug":"a-propos-didrftech","status":"publish","type":"page","link":"https:\/\/www.idrftech.com\/index.php\/fr\/a-propos-didrftech\/","title":{"rendered":"A propos d&rsquo;idRFtech"},"content":{"rendered":"<p>idRFtech est une soci\u00e9t\u00e9 bas\u00e9e en Suisse sp\u00e9cialis\u00e9e dans le d\u00e9veloppement de solutions et de syst\u00e8mes \u00e9lectroniques tel que le design de syst\u00e8mes embarqu\u00e9s, l&rsquo;impl\u00e9mentation de solutions RFID, le d\u00e9veloppement d&rsquo;antennes et la mise en conformit\u00e9 CEM.<\/p>\n<p data-start=\"1150\" data-end=\"1388\">Avec une longue exp\u00e9rience en <strong data-start=\"1180\" data-end=\"1234\">R&amp;D \u00e9lectronique et syst\u00e8mes embarqu\u00e9s industriels<\/strong>, j\u2019ai travaill\u00e9 sur des produits \u00e0 fortes contraintes de fiabilit\u00e9, de s\u00e9curit\u00e9 et d\u2019industrialisation, dans des environnements o\u00f9 l\u2019erreur co\u00fbte cher.<\/p>\n<p data-start=\"1395\" data-end=\"1551\">Aujourd\u2019hui, j\u2019interviens comme <strong data-start=\"1427\" data-end=\"1449\">expert ind\u00e9pendant<\/strong>, en soutien des \u00e9quipes techniques, lorsque les projets deviennent complexes, critiques ou bloqu\u00e9s.<\/p>\n<p data-start=\"1558\" data-end=\"1765\">Mon r\u00f4le n\u2019est pas d\u2019ajouter du process, mais d\u2019apporter <strong data-start=\"1615\" data-end=\"1661\">un regard senior, structur\u00e9 et pragmatique<\/strong>, pour aider les \u00e9quipes \u00e0 faire les bons choix techniques au bon moment \u2014 et \u00e0 les assumer sereinement.<\/p>\n<p><strong data-start=\"2003\" data-end=\"2032\">Quand faire appel \u00e0 moi ?<\/strong><br data-start=\"2032\" data-end=\"2035\" \/>\u2022 Un produit embarqu\u00e9 arrive \u00e0 un point critique (prototype \u2192 industrialisation)<br data-start=\"2117\" data-end=\"2120\" \/>\u2022 Des choix d\u2019architecture IoT ou capteurs doivent \u00eatre s\u00e9curis\u00e9s<br data-start=\"2187\" data-end=\"2190\" \/>\u2022 La fiabilit\u00e9 et la mise en conformit\u00e9 devient un enjeu majeur<br data-start=\"2245\" data-end=\"2248\" \/>\u2022 L\u2019\u00e9quipe a besoin d\u2019un regard externe senior, sans politique interne.<\/p>\n","protected":false},"excerpt":{"rendered":"<p>idRFtech est une soci\u00e9t\u00e9 bas\u00e9e en Suisse sp\u00e9cialis\u00e9e dans le d\u00e9veloppement de solutions et de syst\u00e8mes \u00e9lectroniques tel que le design de syst\u00e8mes embarqu\u00e9s, l&rsquo;impl\u00e9mentation de solutions RFID, le d\u00e9veloppement d&rsquo;antennes et la mise en conformit\u00e9 CEM. Avec une longue exp\u00e9rience en R&amp;D \u00e9lectronique et syst\u00e8mes embarqu\u00e9s industriels, j\u2019ai travaill\u00e9\u2026<\/p>\n<p> <a class=\"continue-reading-link\" href=\"https:\/\/www.idrftech.com\/index.php\/fr\/a-propos-didrftech\/\"><span>Continue reading<\/span><i class=\"crycon-right-dir\"><\/i><\/a> <\/p>\n","protected":false},"author":1,"featured_media":0,"parent":0,"menu_order":0,"comment_status":"closed","ping_status":"closed","template":"","meta":{"footnotes":""},"class_list":["post-45","page","type-page","status-publish","hentry"],"_links":{"self":[{"href":"https:\/\/www.idrftech.com\/index.php\/wp-json\/wp\/v2\/pages\/45","targetHints":{"allow":["GET"]}}],"collection":[{"href":"https:\/\/www.idrftech.com\/index.php\/wp-json\/wp\/v2\/pages"}],"about":[{"href":"https:\/\/www.idrftech.com\/index.php\/wp-json\/wp\/v2\/types\/page"}],"author":[{"embeddable":true,"href":"https:\/\/www.idrftech.com\/index.php\/wp-json\/wp\/v2\/users\/1"}],"replies":[{"embeddable":true,"href":"https:\/\/www.idrftech.com\/index.php\/wp-json\/wp\/v2\/comments?post=45"}],"version-history":[{"count":6,"href":"https:\/\/www.idrftech.com\/index.php\/wp-json\/wp\/v2\/pages\/45\/revisions"}],"predecessor-version":[{"id":168,"href":"https:\/\/www.idrftech.com\/index.php\/wp-json\/wp\/v2\/pages\/45\/revisions\/168"}],"wp:attachment":[{"href":"https:\/\/www.idrftech.com\/index.php\/wp-json\/wp\/v2\/media?parent=45"}],"curies":[{"name":"wp","href":"https:\/\/api.w.org\/{rel}","templated":true}]}}