{"id":57,"date":"2016-04-24T16:07:44","date_gmt":"2016-04-24T16:07:44","guid":{"rendered":"http:\/\/www.idrftech.com\/?page_id=57"},"modified":"2026-01-17T17:38:32","modified_gmt":"2026-01-17T17:38:32","slug":"pourquoi-idrftech","status":"publish","type":"page","link":"https:\/\/www.idrftech.com\/index.php\/fr\/pourquoi-idrftech\/","title":{"rendered":"Pourquoi idRFtech ?"},"content":{"rendered":"<p>idRFtech est une soci\u00e9t\u00e9 sp\u00e9cialis\u00e9e dans le design \u00e9lectronique et vous apporte de l&rsquo;expertise dans les domaines suivants:<\/p>\n<ul>\n<li>Integration de module M2M et IoT<\/li>\n<li>Syst\u00e8me engineering<\/li>\n<li>Design d&rsquo;antennes (HF et UHF)<\/li>\n<li>Architecture des syst\u00e8mes embarqu\u00e9s incluant les aspects hardware et logiciels<\/li>\n<li>Design d&rsquo;alimentation \u00e0 d\u00e9coupage<\/li>\n<li>Design syst\u00e8me analogique<\/li>\n<li>Micro-controller<\/li>\n<li>Routage de PCB incluant les aspects compatibilit\u00e9 \u00e9lectromagn\u00e9tique<\/li>\n<li>Base de donn\u00e9e composants (Altium, KiCad)<\/li>\n<\/ul>\n<p>Gestion de project incluant les phases d&rsquo;industrialisation:<\/p>\n<ul>\n<li>Definition du projet du concept \u00e0 l&rsquo;implementation<\/li>\n<li>Ing\u00e9nierie syst\u00e8me (sp\u00e9cification, cas d&rsquo;usage, test)<\/li>\n<li>Definition et management backlog software<\/li>\n<li>Contractualisation et suivi avec sous traitant<\/li>\n<\/ul>\n","protected":false},"excerpt":{"rendered":"<p>idRFtech est une soci\u00e9t\u00e9 sp\u00e9cialis\u00e9e dans le design \u00e9lectronique et vous apporte de l&rsquo;expertise dans les domaines suivants: Integration de module M2M et IoT Syst\u00e8me engineering Design d&rsquo;antennes (HF et UHF) Architecture des syst\u00e8mes embarqu\u00e9s incluant les aspects hardware et logiciels Design d&rsquo;alimentation \u00e0 d\u00e9coupage Design syst\u00e8me analogique Micro-controller Routage\u2026<\/p>\n<p> <a class=\"continue-reading-link\" href=\"https:\/\/www.idrftech.com\/index.php\/fr\/pourquoi-idrftech\/\"><span>Continue reading<\/span><i class=\"crycon-right-dir\"><\/i><\/a> <\/p>\n","protected":false},"author":1,"featured_media":0,"parent":0,"menu_order":0,"comment_status":"closed","ping_status":"closed","template":"","meta":{"footnotes":""},"class_list":["post-57","page","type-page","status-publish","hentry"],"_links":{"self":[{"href":"https:\/\/www.idrftech.com\/index.php\/wp-json\/wp\/v2\/pages\/57","targetHints":{"allow":["GET"]}}],"collection":[{"href":"https:\/\/www.idrftech.com\/index.php\/wp-json\/wp\/v2\/pages"}],"about":[{"href":"https:\/\/www.idrftech.com\/index.php\/wp-json\/wp\/v2\/types\/page"}],"author":[{"embeddable":true,"href":"https:\/\/www.idrftech.com\/index.php\/wp-json\/wp\/v2\/users\/1"}],"replies":[{"embeddable":true,"href":"https:\/\/www.idrftech.com\/index.php\/wp-json\/wp\/v2\/comments?post=57"}],"version-history":[{"count":9,"href":"https:\/\/www.idrftech.com\/index.php\/wp-json\/wp\/v2\/pages\/57\/revisions"}],"predecessor-version":[{"id":173,"href":"https:\/\/www.idrftech.com\/index.php\/wp-json\/wp\/v2\/pages\/57\/revisions\/173"}],"wp:attachment":[{"href":"https:\/\/www.idrftech.com\/index.php\/wp-json\/wp\/v2\/media?parent=57"}],"curies":[{"name":"wp","href":"https:\/\/api.w.org\/{rel}","templated":true}]}}